{"id":73,"date":"2023-01-16T16:10:19","date_gmt":"2023-01-16T15:10:19","guid":{"rendered":"https:\/\/www.distilleriepaul.com\/wordpress\/?page_id=73"},"modified":"2023-03-23T18:55:27","modified_gmt":"2023-03-23T17:55:27","slug":"nos-produits","status":"publish","type":"page","link":"https:\/\/www.distilleriepaul.com\/wordpress\/?page_id=73","title":{"rendered":"Nos Produits"},"content":{"rendered":"<section  class='av_textblock_section av-ld02rmar-d4ee035b794f048e610ae1c705dd5d8a'  itemscope=\"itemscope\" itemtype=\"https:\/\/schema.org\/CreativeWork\" ><div class='avia_textblock'  itemprop=\"text\" ><h1><b>La Mirabelle<\/b><\/h1>\n<p><img loading=\"lazy\" decoding=\"async\" class=\"size-medium wp-image-77 alignleft\" src=\"https:\/\/www.distilleriepaul.com\/wordpress\/wp-content\/uploads\/2023\/01\/DSC_5689-201x300.jpg\" alt=\"\" width=\"201\" height=\"300\" srcset=\"https:\/\/www.distilleriepaul.com\/wordpress\/wp-content\/uploads\/2023\/01\/DSC_5689-201x300.jpg 201w, https:\/\/www.distilleriepaul.com\/wordpress\/wp-content\/uploads\/2023\/01\/DSC_5689-690x1030.jpg 690w, https:\/\/www.distilleriepaul.com\/wordpress\/wp-content\/uploads\/2023\/01\/DSC_5689-768x1147.jpg 768w, https:\/\/www.distilleriepaul.com\/wordpress\/wp-content\/uploads\/2023\/01\/DSC_5689-1028x1536.jpg 1028w, https:\/\/www.distilleriepaul.com\/wordpress\/wp-content\/uploads\/2023\/01\/DSC_5689-1371x2048.jpg 1371w, https:\/\/www.distilleriepaul.com\/wordpress\/wp-content\/uploads\/2023\/01\/DSC_5689-1004x1500.jpg 1004w, https:\/\/www.distilleriepaul.com\/wordpress\/wp-content\/uploads\/2023\/01\/DSC_5689-472x705.jpg 472w, https:\/\/www.distilleriepaul.com\/wordpress\/wp-content\/uploads\/2023\/01\/DSC_5689-scaled.jpg 1714w\" sizes=\"auto, (max-width: 201px) 100vw, 201px\" \/><\/p>\n<p>Ces fruits sont ramass\u00e9s \u00e0 la main et \u00e0 maturit\u00e9 par de petits producteurs sur le terroir de Pr\u00e9vaucourt, non loin de Metz.<\/p>\n<p>Ils remplissent des f\u00fbts de 150l que je vais chercher au village et fais fermenter \u00e0 la distillerie sans aucun ajout, ni sucres, ni ferments, ni ar\u00f4mes, \u00e0 l\u2019air libre.<\/p>\n<p>Il faut 7kg de mirabelle pour faire 1litre d\u2019eau de vie \u00e0 48\u00b0 d\u2019alcool \u00e0 20\u00b0C.<\/p>\n<\/div><\/section>\n<div  class='hr av-20ul5-c87b9984a1ac62bf19217bef531aa2c2 hr-default  avia-builder-el-1  el_after_av_textblock  el_before_av_textblock '><span class='hr-inner '><span class=\"hr-inner-style\"><\/span><\/span><\/div>\n<section  class='av_textblock_section av-lfkwvcle-8c2d416c5369b38192aec6aa57e45470'  itemscope=\"itemscope\" itemtype=\"https:\/\/schema.org\/CreativeWork\" ><div class='avia_textblock'  itemprop=\"text\" ><h1><b>La Poire<\/b><\/h1>\n<p><img loading=\"lazy\" decoding=\"async\" class=\"size-medium wp-image-78 alignleft\" src=\"https:\/\/www.distilleriepaul.com\/wordpress\/wp-content\/uploads\/2023\/01\/DSC_5690-201x300.jpg\" alt=\"\" width=\"201\" height=\"300\" srcset=\"https:\/\/www.distilleriepaul.com\/wordpress\/wp-content\/uploads\/2023\/01\/DSC_5690-201x300.jpg 201w, https:\/\/www.distilleriepaul.com\/wordpress\/wp-content\/uploads\/2023\/01\/DSC_5690-690x1030.jpg 690w, https:\/\/www.distilleriepaul.com\/wordpress\/wp-content\/uploads\/2023\/01\/DSC_5690-768x1147.jpg 768w, https:\/\/www.distilleriepaul.com\/wordpress\/wp-content\/uploads\/2023\/01\/DSC_5690-1028x1536.jpg 1028w, https:\/\/www.distilleriepaul.com\/wordpress\/wp-content\/uploads\/2023\/01\/DSC_5690-1371x2048.jpg 1371w, https:\/\/www.distilleriepaul.com\/wordpress\/wp-content\/uploads\/2023\/01\/DSC_5690-1004x1500.jpg 1004w, https:\/\/www.distilleriepaul.com\/wordpress\/wp-content\/uploads\/2023\/01\/DSC_5690-472x705.jpg 472w, https:\/\/www.distilleriepaul.com\/wordpress\/wp-content\/uploads\/2023\/01\/DSC_5690-scaled.jpg 1714w\" sizes=\"auto, (max-width: 201px) 100vw, 201px\" \/><\/p>\n<p>Il s\u2019agit de poire William\u2019s muries sur l\u2019arbre ceuillies dans la vall\u00e9e de la Durance au domaine du Pin \u00e0 Curbans pr\u00e8s du lac de Serre Poncon.<\/p>\n<p>Ces fruits sont conditionn\u00e9s par mes soins apr\u00e8s \u00e9crasage dans mes f\u00fbts et je les fais fermenter \u00e0 la distillerie, toujours sans sucres, ni ferments, ni ar\u00f4mes \u00e0 l\u2019air libre.<\/p>\n<p>Il faut 13 kg de poire William\u2019s pour obtenir un litre d\u2019eau de vie \u00e0 48\u00b0 d\u2019alcool \u00e0 20 \u00b0C.<\/p>\n<\/div><\/section>\n<div  class='hr av-1m415-5dcd8bad1c2ce8a6468e89a327c29508 hr-default  avia-builder-el-3  el_after_av_textblock  el_before_av_textblock '><span class='hr-inner '><span class=\"hr-inner-style\"><\/span><\/span><\/div>\n<section  class='av_textblock_section av-lfkwwbsz-71048b83ff8a04ea1ac438e2af823f27'  itemscope=\"itemscope\" itemtype=\"https:\/\/schema.org\/CreativeWork\" ><div class='avia_textblock'  itemprop=\"text\" ><h1><b>La Cerise<\/b><\/h1>\n<p><img loading=\"lazy\" decoding=\"async\" class=\"size-medium wp-image-79 alignleft\" src=\"https:\/\/www.distilleriepaul.com\/wordpress\/wp-content\/uploads\/2023\/01\/DSC_5691-201x300.jpg\" alt=\"\" width=\"201\" height=\"300\" srcset=\"https:\/\/www.distilleriepaul.com\/wordpress\/wp-content\/uploads\/2023\/01\/DSC_5691-201x300.jpg 201w, https:\/\/www.distilleriepaul.com\/wordpress\/wp-content\/uploads\/2023\/01\/DSC_5691-690x1030.jpg 690w, https:\/\/www.distilleriepaul.com\/wordpress\/wp-content\/uploads\/2023\/01\/DSC_5691-768x1147.jpg 768w, https:\/\/www.distilleriepaul.com\/wordpress\/wp-content\/uploads\/2023\/01\/DSC_5691-1028x1536.jpg 1028w, https:\/\/www.distilleriepaul.com\/wordpress\/wp-content\/uploads\/2023\/01\/DSC_5691-1371x2048.jpg 1371w, https:\/\/www.distilleriepaul.com\/wordpress\/wp-content\/uploads\/2023\/01\/DSC_5691-1004x1500.jpg 1004w, https:\/\/www.distilleriepaul.com\/wordpress\/wp-content\/uploads\/2023\/01\/DSC_5691-472x705.jpg 472w, https:\/\/www.distilleriepaul.com\/wordpress\/wp-content\/uploads\/2023\/01\/DSC_5691-scaled.jpg 1714w\" sizes=\"auto, (max-width: 201px) 100vw, 201px\" \/><\/p>\n<p>Nous trouvons ces cerises griottes \u00e0 proximit\u00e9 du lac de la Madine en Meuse. Le producteur secoue les cerisiers lorsque le fruit est bien mur, laissant ainsi les queues vertes accroch\u00e9es \u00e0 la branche.<\/p>\n<p>Ne tombe que la cerise \u00e9vitant ainsi l\u2019amertume, du vert de la queue.<\/p>\n<p>Ces fruits sont mis en fermentation dans mes f\u00fbts, sans rajout de sucre, ni ferment, ni arome.<\/p>\n<p>Nous obtenons 8 litres d\u2019eau de vie pour 100 kg de fruits.<\/p>\n<\/div><\/section>\n<div  class='hr av-av_hr-91d7ccd583a503147498e120fee2ff9b hr-default  avia-builder-el-5  el_after_av_textblock  el_before_av_textblock '><span class='hr-inner '><span class=\"hr-inner-style\"><\/span><\/span><\/div>\n<section  class='av_textblock_section av-lflez565-34f16044bd06a0eab28c70902069b2e7'  itemscope=\"itemscope\" itemtype=\"https:\/\/schema.org\/CreativeWork\" ><div class='avia_textblock'  itemprop=\"text\" ><h1><b>Le Coing<\/b><\/h1>\n<p>Cette eau de vie est r\u00e9alis\u00e9e \u00e0 partir de plusieurs sortes de coings. Ramass\u00e9s dans la p\u00e9riph\u00e9rie de la distillerie par mes clients particuliers.<\/p>\n<p>Apr\u00e8s \u00e9crasage et mis \u00e0 fermenter dans nos f\u00fbts. La distillation permet d\u2019obtenir 5 litres d\u2019eau de vie pour 100 kg de fruits, sans aucun rajout.<\/p>\n<\/div><\/section>\n<div  class='hr av-12p6t-083bbdb01eaa6c6b2e0c1fac977021e7 hr-default  avia-builder-el-7  el_after_av_textblock  el_before_av_textblock '><span class='hr-inner '><span class=\"hr-inner-style\"><\/span><\/span><\/div>\n<section  class='av_textblock_section av-lfkwwtq1-ac4d399e42066dec9057e958478508b3'  itemscope=\"itemscope\" itemtype=\"https:\/\/schema.org\/CreativeWork\" ><div class='avia_textblock'  itemprop=\"text\" ><h1><b>La Quetsche<\/b><\/h1>\n<p>Ces fruits sont produits sur les contreforts du massif vosgien c\u00f4t\u00e9 Alsace. La r\u00e9putation des quetsches d\u2019Alsace n\u2019est plus \u00e0 faire.<\/p>\n<p>C\u2019est pourquoi nous avons s\u00e9lectionn\u00e9 cette r\u00e9gion pour ce fruit plus liquoreux que la mirabelle de Moselle<\/p>\n<p>Apr\u00e8s fermentation et distillation, il nous faut 100 kg de quetsche pour obtenir une douzaine de litres d\u2019eau de vie.<\/p>\n<\/div><\/section>\n","protected":false},"excerpt":{"rendered":"","protected":false},"author":1,"featured_media":0,"parent":0,"menu_order":0,"comment_status":"closed","ping_status":"closed","template":"","meta":{"footnotes":""},"class_list":["post-73","page","type-page","status-publish","hentry"],"_links":{"self":[{"href":"https:\/\/www.distilleriepaul.com\/wordpress\/index.php?rest_route=\/wp\/v2\/pages\/73","targetHints":{"allow":["GET"]}}],"collection":[{"href":"https:\/\/www.distilleriepaul.com\/wordpress\/index.php?rest_route=\/wp\/v2\/pages"}],"about":[{"href":"https:\/\/www.distilleriepaul.com\/wordpress\/index.php?rest_route=\/wp\/v2\/types\/page"}],"author":[{"embeddable":true,"href":"https:\/\/www.distilleriepaul.com\/wordpress\/index.php?rest_route=\/wp\/v2\/users\/1"}],"replies":[{"embeddable":true,"href":"https:\/\/www.distilleriepaul.com\/wordpress\/index.php?rest_route=%2Fwp%2Fv2%2Fcomments&post=73"}],"version-history":[{"count":10,"href":"https:\/\/www.distilleriepaul.com\/wordpress\/index.php?rest_route=\/wp\/v2\/pages\/73\/revisions"}],"predecessor-version":[{"id":234,"href":"https:\/\/www.distilleriepaul.com\/wordpress\/index.php?rest_route=\/wp\/v2\/pages\/73\/revisions\/234"}],"wp:attachment":[{"href":"https:\/\/www.distilleriepaul.com\/wordpress\/index.php?rest_route=%2Fwp%2Fv2%2Fmedia&parent=73"}],"curies":[{"name":"wp","href":"https:\/\/api.w.org\/{rel}","templated":true}]}}